{"id":32,"date":"2017-04-27T12:17:12","date_gmt":"2017-04-27T12:17:12","guid":{"rendered":"http:\/\/flythemesdemo.net\/greenhouse\/?page_id=32"},"modified":"2021-11-22T14:09:10","modified_gmt":"2021-11-22T14:09:10","slug":"about-us","status":"publish","type":"page","link":"https:\/\/andesoil.com\/index.php\/about-us\/","title":{"rendered":"Nosotros"},"content":{"rendered":"<p>Andes Nature, es parte de Andes Oil Chile S.A., empresa que inicia sus operaciones el a\u00f1o 2009, dedic\u00e1ndose a la importaci\u00f3n de productos qu\u00edmicos y al desarrollo de especialidades asf\u00e1lticas para su uso en caminos.<\/p>\n<p>Debido a la experiencia acumulada durante estos a\u00f1os en el desarrollo y producci\u00f3n de emulsiones de calidad que fueran capaces de infiltrar los suelos, es que hemos orientado nuestro inter\u00e9s en desarrollar productos amigables con el medioambiente destinados a apoyar una agricultura sustentable.<\/p>\n","protected":false},"excerpt":{"rendered":"<p>Andes Nature, es parte de Andes Oil Chile S.A., empresa que inicia sus operaciones el a\u00f1o 2009, dedic\u00e1ndose a la importaci\u00f3n de productos qu\u00edmicos y al desarrollo de especialidades asf\u00e1lticas para su uso en caminos. Debido a la experiencia acumulada durante estos a\u00f1os en el desarrollo y producci\u00f3n de emulsiones de calidad que fueran capaces de infiltrar los suelos, es que hemos orientado nuestro inter\u00e9s en desarrollar productos amigables con el medioambiente destinados a apoyar una agricultura sustentable.<\/p>\n","protected":false},"author":2,"featured_media":0,"parent":0,"menu_order":0,"comment_status":"closed","ping_status":"closed","template":"template-no-sidebar.php","meta":{"footnotes":""},"class_list":["post-32","page","type-page","status-publish","hentry"],"_links":{"self":[{"href":"https:\/\/andesoil.com\/index.php\/wp-json\/wp\/v2\/pages\/32","targetHints":{"allow":["GET"]}}],"collection":[{"href":"https:\/\/andesoil.com\/index.php\/wp-json\/wp\/v2\/pages"}],"about":[{"href":"https:\/\/andesoil.com\/index.php\/wp-json\/wp\/v2\/types\/page"}],"author":[{"embeddable":true,"href":"https:\/\/andesoil.com\/index.php\/wp-json\/wp\/v2\/users\/2"}],"replies":[{"embeddable":true,"href":"https:\/\/andesoil.com\/index.php\/wp-json\/wp\/v2\/comments?post=32"}],"version-history":[{"count":2,"href":"https:\/\/andesoil.com\/index.php\/wp-json\/wp\/v2\/pages\/32\/revisions"}],"predecessor-version":[{"id":100,"href":"https:\/\/andesoil.com\/index.php\/wp-json\/wp\/v2\/pages\/32\/revisions\/100"}],"wp:attachment":[{"href":"https:\/\/andesoil.com\/index.php\/wp-json\/wp\/v2\/media?parent=32"}],"curies":[{"name":"wp","href":"https:\/\/api.w.org\/{rel}","templated":true}]}}